{"id":5779,"date":"2025-05-27T12:33:25","date_gmt":"2025-05-27T12:33:25","guid":{"rendered":"https:\/\/gruarapida24.com\/contact-us-at\/"},"modified":"2026-01-28T17:14:18","modified_gmt":"2026-01-28T17:14:18","slug":"contact-us-at","status":"publish","type":"page","link":"https:\/\/gruarapida24.com\/en\/contact-us-at\/","title":{"rendered":"Contact us"},"content":{"rendered":"\t\t<div data-elementor-type=\"wp-page\" data-elementor-id=\"5779\" class=\"elementor elementor-5779 elementor-1605\" data-elementor-post-type=\"page\">\n\t\t\t\t<div class=\"elementor-element elementor-element-598956d e-flex e-con-boxed e-con e-parent\" data-id=\"598956d\" data-element_type=\"container\" data-e-type=\"container\" data-settings=\"{&quot;background_background&quot;:&quot;classic&quot;}\">\n\t\t\t\t\t<div class=\"e-con-inner\">\n\t\t<div class=\"elementor-element elementor-element-2192b12 e-con-full e-flex e-con e-child\" data-id=\"2192b12\" data-element_type=\"container\" data-e-type=\"container\">\n\t\t\t\t<div class=\"elementor-element elementor-element-5a3a1b6 elementor-widget elementor-widget-heading\" data-id=\"5a3a1b6\" data-element_type=\"widget\" data-e-type=\"widget\" data-widget_type=\"heading.default\">\n\t\t\t\t<div class=\"elementor-widget-container\">\n\t\t\t\t\t<h1 class=\"elementor-heading-title elementor-size-default\">Contact us<\/h1>\t\t\t\t<\/div>\n\t\t\t\t<\/div>\n\t\t<div class=\"elementor-element elementor-element-9249463 e-con-full e-flex e-con e-child\" data-id=\"9249463\" data-element_type=\"container\" data-e-type=\"container\">\n\t\t\t\t<div class=\"elementor-element elementor-element-e4e3d7e elementor-align-center elementor-invisible elementor-widget elementor-widget-global elementor-global-3487 elementor-widget-button\" data-id=\"e4e3d7e\" data-element_type=\"widget\" data-e-type=\"widget\" data-settings=\"{&quot;_animation&quot;:&quot;fadeIn&quot;,&quot;_animation_mobile&quot;:&quot;fadeInUp&quot;}\" data-widget_type=\"button.default\">\n\t\t\t\t<div class=\"elementor-widget-container\">\n\t\t\t\t\t\t\t\t\t<div class=\"elementor-button-wrapper\">\n\t\t\t\t\t<a class=\"elementor-button elementor-button-link elementor-size-sm\" href=\"tel:+34930491793\">\n\t\t\t\t\t\t<span class=\"elementor-button-content-wrapper\">\n\t\t\t\t\t\t<span class=\"elementor-button-icon\">\n\t\t\t\t<svg aria-hidden=\"true\" class=\"e-font-icon-svg e-fas-headset\" viewBox=\"0 0 512 512\" xmlns=\"http:\/\/www.w3.org\/2000\/svg\"><path d=\"M192 208c0-17.67-14.33-32-32-32h-16c-35.35 0-64 28.65-64 64v48c0 35.35 28.65 64 64 64h16c17.67 0 32-14.33 32-32V208zm176 144c35.35 0 64-28.65 64-64v-48c0-35.35-28.65-64-64-64h-16c-17.67 0-32 14.33-32 32v112c0 17.67 14.33 32 32 32h16zM256 0C113.18 0 4.58 118.83 0 256v16c0 8.84 7.16 16 16 16h16c8.84 0 16-7.16 16-16v-16c0-114.69 93.31-208 208-208s208 93.31 208 208h-.12c.08 2.43.12 165.72.12 165.72 0 23.35-18.93 42.28-42.28 42.28H320c0-26.51-21.49-48-48-48h-32c-26.51 0-48 21.49-48 48s21.49 48 48 48h181.72c49.86 0 90.28-40.42 90.28-90.28V256C507.42 118.83 398.82 0 256 0z\"><\/path><\/svg>\t\t\t<\/span>\n\t\t\t\t\t\t\t\t\t<span class=\"elementor-button-text\">Pedir gr\u00faa por tel\u00e9fono<\/span>\n\t\t\t\t\t<\/span>\n\t\t\t\t\t<\/a>\n\t\t\t\t<\/div>\n\t\t\t\t\t\t\t\t<\/div>\n\t\t\t\t<\/div>\n\t\t\t\t<div class=\"elementor-element elementor-element-396dc0d elementor-align-center elementor-invisible elementor-widget elementor-widget-global elementor-global-3490 elementor-widget-button\" data-id=\"396dc0d\" data-element_type=\"widget\" data-e-type=\"widget\" data-settings=\"{&quot;_animation&quot;:&quot;fadeIn&quot;,&quot;_animation_mobile&quot;:&quot;fadeInUp&quot;}\" data-widget_type=\"button.default\">\n\t\t\t\t<div class=\"elementor-widget-container\">\n\t\t\t\t\t\t\t\t\t<div class=\"elementor-button-wrapper\">\n\t\t\t\t\t<a class=\"elementor-button elementor-button-link elementor-size-sm\" href=\"https:\/\/wa.me\/34646121839?text=Hola,%20\u00bfPodr\u00edas%20facilitarme%20m\u00e1s%20informaci\u00f3n?\" target=\"_blank\" gtag_report_conversion_whatsapp=\"\">\n\t\t\t\t\t\t<span class=\"elementor-button-content-wrapper\">\n\t\t\t\t\t\t<span class=\"elementor-button-icon\">\n\t\t\t\t<svg aria-hidden=\"true\" class=\"e-font-icon-svg e-fab-whatsapp\" viewBox=\"0 0 448 512\" xmlns=\"http:\/\/www.w3.org\/2000\/svg\"><path d=\"M380.9 97.1C339 55.1 283.2 32 223.9 32c-122.4 0-222 99.6-222 222 0 39.1 10.2 77.3 29.6 111L0 480l117.7-30.9c32.4 17.7 68.9 27 106.1 27h.1c122.3 0 224.1-99.6 224.1-222 0-59.3-25.2-115-67.1-157zm-157 341.6c-33.2 0-65.7-8.9-94-25.7l-6.7-4-69.8 18.3L72 359.2l-4.4-7c-18.5-29.4-28.2-63.3-28.2-98.2 0-101.7 82.8-184.5 184.6-184.5 49.3 0 95.6 19.2 130.4 54.1 34.8 34.9 56.2 81.2 56.1 130.5 0 101.8-84.9 184.6-186.6 184.6zm101.2-138.2c-5.5-2.8-32.8-16.2-37.9-18-5.1-1.9-8.8-2.8-12.5 2.8-3.7 5.6-14.3 18-17.6 21.8-3.2 3.7-6.5 4.2-12 1.4-32.6-16.3-54-29.1-75.5-66-5.7-9.8 5.7-9.1 16.3-30.3 1.8-3.7.9-6.9-.5-9.7-1.4-2.8-12.5-30.1-17.1-41.2-4.5-10.8-9.1-9.3-12.5-9.5-3.2-.2-6.9-.2-10.6-.2-3.7 0-9.7 1.4-14.8 6.9-5.1 5.6-19.4 19-19.4 46.3 0 27.3 19.9 53.7 22.6 57.4 2.8 3.7 39.1 59.7 94.8 83.8 35.2 15.2 49 16.5 66.6 13.9 10.7-1.6 32.8-13.4 37.4-26.4 4.6-13 4.6-24.1 3.2-26.4-1.3-2.5-5-3.9-10.5-6.6z\"><\/path><\/svg>\t\t\t<\/span>\n\t\t\t\t\t\t\t\t\t<span class=\"elementor-button-text\">Pedir gr\u00faa por whatsapp<\/span>\n\t\t\t\t\t<\/span>\n\t\t\t\t\t<\/a>\n\t\t\t\t<\/div>\n\t\t\t\t\t\t\t\t<\/div>\n\t\t\t\t<\/div>\n\t\t\t\t<\/div>\n\t\t\t\t<\/div>\n\t\t\t\t\t<\/div>\n\t\t\t\t<\/div>\n\t\t\t\t<section class=\"elementor-section elementor-top-section elementor-element elementor-element-6346a766 elementor-section-boxed elementor-section-height-default elementor-section-height-default\" data-id=\"6346a766\" data-element_type=\"section\" data-e-type=\"section\">\n\t\t\t\t\t\t<div class=\"elementor-container elementor-column-gap-default\">\n\t\t\t\t\t<div class=\"elementor-column elementor-col-100 elementor-top-column elementor-element elementor-element-679bd3c7\" data-id=\"679bd3c7\" data-element_type=\"column\" data-e-type=\"column\">\n\t\t\t<div class=\"elementor-widget-wrap elementor-element-populated\">\n\t\t\t\t\t\t<div class=\"elementor-element elementor-element-67b8816b elementor-widget elementor-widget-wpo-consultar_contactinfo\" data-id=\"67b8816b\" data-element_type=\"widget\" data-e-type=\"widget\" data-widget_type=\"wpo-consultar_contactinfo.default\">\n\t\t\t\t<div class=\"elementor-widget-container\">\n\t\t\t\t\t\t\t<div class=\"office-info\">\n\t\t\t<div class=\"row\">\n\t\t\t\t\t\t\t\t\t\t<div class=\"col col-xl-4 col-lg-6 col-md-6 col-12\">\n\t\t\t\t\t\t\t<div class=\"office-info-item\">\n\t\t\t\t\t\t\t\t<div class=\"office-info-icon\">\n\t\t\t\t\t\t\t\t\t<div class=\"icon\">\n\t\t\t\t\t\t\t\t\t\t<i class=\"fi flaticon-house\"><\/i>\t\t\t\t\t\t\t\t\t<\/div>\n\t\t\t\t\t\t\t\t<\/div>\n\t\t\t\t\t\t\t\t<div class=\"office-info-text\">\n\t\t\t\t\t\t\t\t\t<h2>Direcci\u00f3n<\/h2><p><a href=\"#\" target=\"_Blank&quot;\">Av. Pau claris 24, esc. B ent 6, Barcelona-Espa\u00f1a<\/a><\/p>\t\t\t\t\t\t\t\t<\/div>\n\t\t\t\t\t\t\t<\/div>\n\t\t\t\t\t\t<\/div>\n\t\t\t\t\t\t\t\t\t\t<div class=\"col col-xl-4 col-lg-6 col-md-6 col-12\">\n\t\t\t\t\t\t\t<div class=\"office-info-item\">\n\t\t\t\t\t\t\t\t<div class=\"office-info-icon\">\n\t\t\t\t\t\t\t\t\t<div class=\"icon\">\n\t\t\t\t\t\t\t\t\t\t<i class=\"fi flaticon-email\"><\/i>\t\t\t\t\t\t\t\t\t<\/div>\n\t\t\t\t\t\t\t\t<\/div>\n\t\t\t\t\t\t\t\t<div class=\"office-info-text\">\n\t\t\t\t\t\t\t\t\t<h2>Correo electr\u00f3nico<\/h2><p><a href=\"mailto:gruarapida24@gmail.com\">gruarapida24@gmail.com<\/a><\/p>\t\t\t\t\t\t\t\t<\/div>\n\t\t\t\t\t\t\t<\/div>\n\t\t\t\t\t\t<\/div>\n\t\t\t\t\t\t\t\t\t\t<div class=\"col col-xl-4 col-lg-6 col-md-6 col-12\">\n\t\t\t\t\t\t\t<div class=\"office-info-item\">\n\t\t\t\t\t\t\t\t<div class=\"office-info-icon\">\n\t\t\t\t\t\t\t\t\t<div class=\"icon\">\n\t\t\t\t\t\t\t\t\t\t<i class=\"fi flaticon-phone-call\"><\/i>\t\t\t\t\t\t\t\t\t<\/div>\n\t\t\t\t\t\t\t\t<\/div>\n\t\t\t\t\t\t\t\t<div class=\"office-info-text\">\n\t\t\t\t\t\t\t\t\t<h2>Tel\u00e9fono<\/h2><p><strong><a href=\"tel:+34930491793\">+34 930 49 17 93<\/a><\/strong><\/p>\t\t\t\t\t\t\t\t<\/div>\n\t\t\t\t\t\t\t<\/div>\n\t\t\t\t\t\t<\/div>\n\t\t\t\t\t\t\t<\/div>\n\t\t<\/div>\n\t\t\t\t<\/div>\n\t\t\t\t<\/div>\n\t\t\t\t\t<\/div>\n\t\t<\/div>\n\t\t\t\t\t<\/div>\n\t\t<\/section>\n\t\t\t\t<section class=\"elementor-section elementor-top-section elementor-element elementor-element-8203d86 elementor-section-boxed elementor-section-height-default elementor-section-height-default\" data-id=\"8203d86\" data-element_type=\"section\" data-e-type=\"section\">\n\t\t\t\t\t\t<div class=\"elementor-container elementor-column-gap-default\">\n\t\t\t\t\t<div class=\"elementor-column elementor-col-100 elementor-top-column elementor-element elementor-element-2e112093\" data-id=\"2e112093\" data-element_type=\"column\" data-e-type=\"column\">\n\t\t\t<div class=\"elementor-widget-wrap elementor-element-populated\">\n\t\t\t\t\t\t<div class=\"elementor-element elementor-element-6a635140 elementor-widget elementor-widget-wpo-consultar_contact_form\" data-id=\"6a635140\" data-element_type=\"widget\" data-e-type=\"widget\" data-widget_type=\"wpo-consultar_contact_form.default\">\n\t\t\t\t<div class=\"elementor-widget-container\">\n\t\t\t\t\t\t\t<div class=\"wpo-contact-pg-section\">\n\t\t\t<div class=\"wpo-contact-title\">\n\t\t\t\t<h2>\u00bfTienes dudas? Estamos aqu\u00ed para ayudarte<\/h2><p>Si en alg\u00fan momento tienes alguna pregunta o necesitas asistencia, no dudes en comunicarte con nosotros, ya que estamos aqu\u00ed para ayudarte de 24\/7 los 365 d\u00edas del a\u00f1o.\n<\/p>\t\t\t<\/div>\n\t\t\t<div class=\"wpo-contact-form-area\">\n\t\t\t\t\n<div class=\"wpcf7 no-js\" id=\"wpcf7-f320-o1\" lang=\"en-US\" dir=\"ltr\" data-wpcf7-id=\"320\">\n<div class=\"screen-reader-response\"><p role=\"status\" aria-live=\"polite\" aria-atomic=\"true\"><\/p> <ul><\/ul><\/div>\n<form action=\"\/en\/wp-json\/wp\/v2\/pages\/5779#wpcf7-f320-o1\" method=\"post\" class=\"wpcf7-form init\" aria-label=\"Contact form\" novalidate=\"novalidate\" data-status=\"init\">\n<fieldset class=\"hidden-fields-container\"><input type=\"hidden\" name=\"_wpcf7\" value=\"320\" \/><input type=\"hidden\" name=\"_wpcf7_version\" value=\"6.1.5\" \/><input type=\"hidden\" name=\"_wpcf7_locale\" value=\"en_US\" \/><input type=\"hidden\" name=\"_wpcf7_unit_tag\" value=\"wpcf7-f320-o1\" \/><input type=\"hidden\" name=\"_wpcf7_container_post\" value=\"0\" \/><input type=\"hidden\" name=\"_wpcf7_posted_data_hash\" value=\"\" \/>\n<\/fieldset>\n<div class=\"wpo-contact-form-wrapper\">\n\t<div>\n\t\t<p><span class=\"wpcf7-form-control-wrap\" data-name=\"text-845\"><input size=\"40\" maxlength=\"400\" class=\"wpcf7-form-control wpcf7-text wpcf7-validates-as-required form-control\" aria-required=\"true\" aria-invalid=\"false\" placeholder=\"Nombre y apellido\" value=\"\" type=\"text\" name=\"text-845\" \/><\/span>\n\t\t<\/p>\n\t<\/div>\n\t<div>\n\t\t<p><span class=\"wpcf7-form-control-wrap\" data-name=\"email-925\"><input size=\"40\" maxlength=\"400\" class=\"wpcf7-form-control wpcf7-email wpcf7-validates-as-required wpcf7-text wpcf7-validates-as-email form-control\" aria-required=\"true\" aria-invalid=\"false\" placeholder=\"Correo electr\u00f3nico\" value=\"\" type=\"email\" name=\"email-925\" \/><\/span>\n\t\t<\/p>\n\t<\/div>\n\t<div>\n\t\t<p><span class=\"wpcf7-form-control-wrap\" data-name=\"tel-221\"><input size=\"40\" maxlength=\"400\" class=\"wpcf7-form-control wpcf7-tel wpcf7-validates-as-required wpcf7-text wpcf7-validates-as-tel form-control\" aria-required=\"true\" aria-invalid=\"false\" placeholder=\"Tel\u00e9fono\" value=\"\" type=\"tel\" name=\"tel-221\" \/><\/span>\n\t\t<\/p>\n\t<\/div>\n\t<div>\n\t\t<p><span class=\"wpcf7-form-control-wrap\" data-name=\"menu-348\"><select class=\"wpcf7-form-control wpcf7-select wpcf7-validates-as-required form-control\" aria-required=\"true\" aria-invalid=\"false\" name=\"menu-348\"><option value=\"Asunto\">Asunto<\/option><option value=\"Consulta\">Consulta<\/option><option value=\"Asistencia\">Asistencia<\/option><\/select><\/span>\n\t\t<\/p>\n\t<\/div>\n\t<div class=\"fullwidth\">\n\t\t<p><span class=\"wpcf7-form-control-wrap\" data-name=\"textarea-678\"><textarea cols=\"40\" rows=\"10\" maxlength=\"2000\" class=\"wpcf7-form-control wpcf7-textarea wpcf7-validates-as-required form-control\" aria-required=\"true\" aria-invalid=\"false\" placeholder=\"Escribe un mensaje\" name=\"textarea-678\"><\/textarea><\/span>\n\t\t<\/p>\n\t<\/div>\n\t<div class=\"submit-area\">\n\t\t<p><div class=\"cf7-cf-turnstile\" style=\"margin-top: 0px; margin-bottom: -15px;\"> <div id=\"cf-turnstile-cf7-2536480184\" class=\"cf-turnstile\" data-callback=\"turnstileCF7Callback\" data-sitekey=\"0x4AAAAAAC20FTHD4MknEO5V\" data-theme=\"light\" data-language=\"auto\" data-size=\"normal\" data-retry=\"auto\" data-retry-interval=\"1000\" data-refresh-expired=\"auto\" data-refresh-timeout=\"auto\" data-action=\"contact-form-7\" data-callback=\"turnstileCF7Callback\" data-appearance=\"always\"><\/div> <style>.wpcf7-submit { pointer-events: none; opacity: 0.5; }<\/style> <script>document.addEventListener(\"DOMContentLoaded\", function() { setTimeout(function(){ var e=document.getElementById(\"cf-turnstile-cf7-2536480184\"); if(e&&!e.innerHTML.trim()){turnstile.render(e, {sitekey:\"0x4AAAAAAC20FTHD4MknEO5V\"});} }, 200); });<\/script> <br class=\"cf-turnstile-br cf-turnstile-br-cf7-2536480184\"> <style>#cf-turnstile-cf7-2536480184 { margin-left: -15px; }<\/style> <script>document.addEventListener(\"DOMContentLoaded\",function(){document.querySelectorAll('.wpcf7-form').forEach(function(e){e.addEventListener('submit',function(){if(document.getElementById('cf-turnstile-cf7-2536480184')){setTimeout(function(){turnstile.reset('#cf-turnstile-cf7-2536480184');},1000)}})})});<\/script> <\/div><br\/><input class=\"wpcf7-form-control wpcf7-submit has-spinner consultar-cf7-btn\" type=\"submit\" value=\"Enviar mensaje\" \/>\n\t\t<\/p>\n\t<\/div>\n<\/div><div class=\"wpcf7-response-output\" aria-hidden=\"true\"><\/div>\n<\/form>\n<\/div>\n\t\t\t<\/div>\n\t\t<\/div>\n\t\t\t\t<\/div>\n\t\t\t\t<\/div>\n\t\t\t\t\t<\/div>\n\t\t<\/div>\n\t\t\t\t\t<\/div>\n\t\t<\/section>\n\t\t\t\t<\/div>\n\t\t","protected":false},"excerpt":{"rendered":"Contact us Pedir gr\u00faa por tel\u00e9fono Pedir gr\u00faa por whatsapp Direcci\u00f3n Av. Pau claris 24, esc. B ent 6, Barcelona-Espa\u00f1a Correo electr\u00f3nico gruarapida24@gmail.com Tel\u00e9fono \u00bfTienes dudas? Estamos aqu\u00ed para ayudarte Si en alg\u00fan momento tienes alguna pregunta o necesitas asistencia, no dudes en comunicarte con nosotros, ya que estamos aqu\u00ed para ayudarte de 24\/7 los ","protected":false},"author":2,"featured_media":0,"parent":0,"menu_order":0,"comment_status":"closed","ping_status":"closed","template":"elementor_header_footer","meta":{"footnotes":""},"class_list":["post-5779","page","type-page","status-publish","hentry"],"yoast_head":"<!-- This site is optimized with the Yoast SEO Premium plugin v27.3 (Yoast SEO v27.3) - https:\/\/yoast.com\/product\/yoast-seo-premium-wordpress\/ -->\n<title>Contact us | Cheap and Fast Cranes in Barcelona<\/title>\n<meta name=\"description\" content=\"Do you need a tow truck in Barcelona? Call us 24\/7 for roadside assistance, economic towing or vehicle relocation. Immediate response guaranteed.\" \/>\n<meta name=\"robots\" content=\"index, follow, max-snippet:-1, max-image-preview:large, max-video-preview:-1\" \/>\n<link rel=\"canonical\" href=\"https:\/\/gruarapida24.com\/en\/contact-us-at\/\" \/>\n<meta property=\"og:locale\" content=\"en_US\" \/>\n<meta property=\"og:type\" content=\"article\" \/>\n<meta property=\"og:title\" content=\"Contact us\" \/>\n<meta property=\"og:description\" content=\"Do you need a tow truck in Barcelona? Call us 24\/7 for roadside assistance, economic towing or vehicle relocation. Immediate response guaranteed.\" \/>\n<meta property=\"og:url\" content=\"https:\/\/gruarapida24.com\/en\/contact-us-at\/\" \/>\n<meta property=\"og:site_name\" content=\"gruarapida24.com\" \/>\n<meta property=\"article:modified_time\" content=\"2026-01-28T17:14:18+00:00\" \/>\n<meta property=\"og:image\" content=\"https:\/\/gruarapida24.com\/wp-content\/uploads\/2025\/06\/Grua-Rapida-1.jpg\" \/>\n\t<meta property=\"og:image:width\" content=\"1200\" \/>\n\t<meta property=\"og:image:height\" content=\"675\" \/>\n\t<meta property=\"og:image:type\" content=\"image\/jpeg\" \/>\n<meta name=\"twitter:card\" content=\"summary_large_image\" \/>\n<meta name=\"twitter:label1\" content=\"Est. reading time\" \/>\n\t<meta name=\"twitter:data1\" content=\"1 minute\" \/>\n<script type=\"application\/ld+json\" class=\"yoast-schema-graph\">{\"@context\":\"https:\\\/\\\/schema.org\",\"@graph\":[{\"@type\":\"WebPage\",\"@id\":\"https:\\\/\\\/gruarapida24.com\\\/en\\\/contact-us-at\\\/\",\"url\":\"https:\\\/\\\/gruarapida24.com\\\/en\\\/contact-us-at\\\/\",\"name\":\"Contact us | Cheap and Fast Cranes in Barcelona\",\"isPartOf\":{\"@id\":\"https:\\\/\\\/gruarapida24.com\\\/en\\\/#website\"},\"datePublished\":\"2025-05-27T12:33:25+00:00\",\"dateModified\":\"2026-01-28T17:14:18+00:00\",\"description\":\"Do you need a tow truck in Barcelona? Call us 24\\\/7 for roadside assistance, economic towing or vehicle relocation. Immediate response guaranteed.\",\"breadcrumb\":{\"@id\":\"https:\\\/\\\/gruarapida24.com\\\/en\\\/contact-us-at\\\/#breadcrumb\"},\"inLanguage\":\"en-US\",\"potentialAction\":[{\"@type\":\"ReadAction\",\"target\":[\"https:\\\/\\\/gruarapida24.com\\\/en\\\/contact-us-at\\\/\"]}]},{\"@type\":\"BreadcrumbList\",\"@id\":\"https:\\\/\\\/gruarapida24.com\\\/en\\\/contact-us-at\\\/#breadcrumb\",\"itemListElement\":[{\"@type\":\"ListItem\",\"position\":1,\"name\":\"Inicio\",\"item\":\"https:\\\/\\\/gruarapida24.com\\\/en\\\/home\\\/\"},{\"@type\":\"ListItem\",\"position\":2,\"name\":\"Contact us\"}]},{\"@type\":\"WebSite\",\"@id\":\"https:\\\/\\\/gruarapida24.com\\\/en\\\/#website\",\"url\":\"https:\\\/\\\/gruarapida24.com\\\/en\\\/\",\"name\":\"Gr\u00faas en Espa\u00f1a 24 Horas | Servicio de Gr\u00faas Econ\u00f3mico y R\u00e1pido\",\"description\":\"Traslado seguro y asistencia vial, calidad garantizada.\",\"publisher\":{\"@id\":\"https:\\\/\\\/gruarapida24.com\\\/en\\\/#organization\"},\"alternateName\":\"Gr\u00faa Rapida 24\",\"potentialAction\":[{\"@type\":\"SearchAction\",\"target\":{\"@type\":\"EntryPoint\",\"urlTemplate\":\"https:\\\/\\\/gruarapida24.com\\\/en\\\/?s={search_term_string}\"},\"query-input\":{\"@type\":\"PropertyValueSpecification\",\"valueRequired\":true,\"valueName\":\"search_term_string\"}}],\"inLanguage\":\"en-US\"},{\"@type\":\"Organization\",\"@id\":\"https:\\\/\\\/gruarapida24.com\\\/en\\\/#organization\",\"name\":\"Gr\u00faas en Espa\u00f1a 24 Horas | Servicio de Gr\u00faas Econ\u00f3mico y R\u00e1pido\",\"alternateName\":\"En GruaR\u00e1pida24 ofrecemos servicio de gr\u00faas 24 horas en Espa\u00f1a. Asistencia en carretera inmediata, gr\u00faas econ\u00f3micas y atenci\u00f3n profesional.\",\"url\":\"https:\\\/\\\/gruarapida24.com\\\/en\\\/\",\"logo\":{\"@type\":\"ImageObject\",\"inLanguage\":\"en-US\",\"@id\":\"https:\\\/\\\/gruarapida24.com\\\/en\\\/#\\\/schema\\\/logo\\\/image\\\/\",\"url\":\"https:\\\/\\\/gruarapida24.com\\\/wp-content\\\/uploads\\\/2025\\\/06\\\/cropped-Favicon-Gruas-Rapida-24-2.png\",\"contentUrl\":\"https:\\\/\\\/gruarapida24.com\\\/wp-content\\\/uploads\\\/2025\\\/06\\\/cropped-Favicon-Gruas-Rapida-24-2.png\",\"width\":512,\"height\":512,\"caption\":\"Gr\u00faas en Espa\u00f1a 24 Horas | Servicio de Gr\u00faas Econ\u00f3mico y R\u00e1pido\"},\"image\":{\"@id\":\"https:\\\/\\\/gruarapida24.com\\\/en\\\/#\\\/schema\\\/logo\\\/image\\\/\"}}]}<\/script>\n<!-- \/ Yoast SEO Premium plugin. -->","yoast_head_json":{"title":"Contact us | Cheap and Fast Cranes in Barcelona","description":"Do you need a tow truck in Barcelona? Call us 24\/7 for roadside assistance, economic towing or vehicle relocation. Immediate response guaranteed.","robots":{"index":"index","follow":"follow","max-snippet":"max-snippet:-1","max-image-preview":"max-image-preview:large","max-video-preview":"max-video-preview:-1"},"canonical":"https:\/\/gruarapida24.com\/en\/contact-us-at\/","og_locale":"en_US","og_type":"article","og_title":"Contact us","og_description":"Do you need a tow truck in Barcelona? Call us 24\/7 for roadside assistance, economic towing or vehicle relocation. Immediate response guaranteed.","og_url":"https:\/\/gruarapida24.com\/en\/contact-us-at\/","og_site_name":"gruarapida24.com","article_modified_time":"2026-01-28T17:14:18+00:00","og_image":[{"width":1200,"height":675,"url":"https:\/\/gruarapida24.com\/wp-content\/uploads\/2025\/06\/Grua-Rapida-1.jpg","type":"image\/jpeg"}],"twitter_card":"summary_large_image","twitter_misc":{"Est. reading time":"1 minute"},"schema":{"@context":"https:\/\/schema.org","@graph":[{"@type":"WebPage","@id":"https:\/\/gruarapida24.com\/en\/contact-us-at\/","url":"https:\/\/gruarapida24.com\/en\/contact-us-at\/","name":"Contact us | Cheap and Fast Cranes in Barcelona","isPartOf":{"@id":"https:\/\/gruarapida24.com\/en\/#website"},"datePublished":"2025-05-27T12:33:25+00:00","dateModified":"2026-01-28T17:14:18+00:00","description":"Do you need a tow truck in Barcelona? Call us 24\/7 for roadside assistance, economic towing or vehicle relocation. Immediate response guaranteed.","breadcrumb":{"@id":"https:\/\/gruarapida24.com\/en\/contact-us-at\/#breadcrumb"},"inLanguage":"en-US","potentialAction":[{"@type":"ReadAction","target":["https:\/\/gruarapida24.com\/en\/contact-us-at\/"]}]},{"@type":"BreadcrumbList","@id":"https:\/\/gruarapida24.com\/en\/contact-us-at\/#breadcrumb","itemListElement":[{"@type":"ListItem","position":1,"name":"Inicio","item":"https:\/\/gruarapida24.com\/en\/home\/"},{"@type":"ListItem","position":2,"name":"Contact us"}]},{"@type":"WebSite","@id":"https:\/\/gruarapida24.com\/en\/#website","url":"https:\/\/gruarapida24.com\/en\/","name":"Gr\u00faas en Espa\u00f1a 24 Horas | Servicio de Gr\u00faas Econ\u00f3mico y R\u00e1pido","description":"Traslado seguro y asistencia vial, calidad garantizada.","publisher":{"@id":"https:\/\/gruarapida24.com\/en\/#organization"},"alternateName":"Gr\u00faa Rapida 24","potentialAction":[{"@type":"SearchAction","target":{"@type":"EntryPoint","urlTemplate":"https:\/\/gruarapida24.com\/en\/?s={search_term_string}"},"query-input":{"@type":"PropertyValueSpecification","valueRequired":true,"valueName":"search_term_string"}}],"inLanguage":"en-US"},{"@type":"Organization","@id":"https:\/\/gruarapida24.com\/en\/#organization","name":"Gr\u00faas en Espa\u00f1a 24 Horas | Servicio de Gr\u00faas Econ\u00f3mico y R\u00e1pido","alternateName":"En GruaR\u00e1pida24 ofrecemos servicio de gr\u00faas 24 horas en Espa\u00f1a. Asistencia en carretera inmediata, gr\u00faas econ\u00f3micas y atenci\u00f3n profesional.","url":"https:\/\/gruarapida24.com\/en\/","logo":{"@type":"ImageObject","inLanguage":"en-US","@id":"https:\/\/gruarapida24.com\/en\/#\/schema\/logo\/image\/","url":"https:\/\/gruarapida24.com\/wp-content\/uploads\/2025\/06\/cropped-Favicon-Gruas-Rapida-24-2.png","contentUrl":"https:\/\/gruarapida24.com\/wp-content\/uploads\/2025\/06\/cropped-Favicon-Gruas-Rapida-24-2.png","width":512,"height":512,"caption":"Gr\u00faas en Espa\u00f1a 24 Horas | Servicio de Gr\u00faas Econ\u00f3mico y R\u00e1pido"},"image":{"@id":"https:\/\/gruarapida24.com\/en\/#\/schema\/logo\/image\/"}}]}},"_links":{"self":[{"href":"https:\/\/gruarapida24.com\/en\/wp-json\/wp\/v2\/pages\/5779","targetHints":{"allow":["GET"]}}],"collection":[{"href":"https:\/\/gruarapida24.com\/en\/wp-json\/wp\/v2\/pages"}],"about":[{"href":"https:\/\/gruarapida24.com\/en\/wp-json\/wp\/v2\/types\/page"}],"author":[{"embeddable":true,"href":"https:\/\/gruarapida24.com\/en\/wp-json\/wp\/v2\/users\/2"}],"replies":[{"embeddable":true,"href":"https:\/\/gruarapida24.com\/en\/wp-json\/wp\/v2\/comments?post=5779"}],"version-history":[{"count":3,"href":"https:\/\/gruarapida24.com\/en\/wp-json\/wp\/v2\/pages\/5779\/revisions"}],"predecessor-version":[{"id":5782,"href":"https:\/\/gruarapida24.com\/en\/wp-json\/wp\/v2\/pages\/5779\/revisions\/5782"}],"wp:attachment":[{"href":"https:\/\/gruarapida24.com\/en\/wp-json\/wp\/v2\/media?parent=5779"}],"curies":[{"name":"wp","href":"https:\/\/api.w.org\/{rel}","templated":true}]}}